{"id":129,"date":"2017-11-14T19:44:46","date_gmt":"2017-11-14T19:44:46","guid":{"rendered":"http:\/\/albuch-skilift.de\/?page_id=129"},"modified":"2024-12-22T14:05:43","modified_gmt":"2024-12-22T13:05:43","slug":"die-anlage","status":"publish","type":"page","link":"https:\/\/albuch-skilift.de\/?page_id=129","title":{"rendered":"Die Liftanlagen"},"content":{"rendered":"<p><head>\n<link rel=\"apple-touch-icon\" sizes=\"57x57\" href=\"\/apple-icon-57x57.png\">\n<link rel=\"apple-touch-icon\" sizes=\"60x60\" href=\"\/apple-icon-60x60.png\">\n<link rel=\"apple-touch-icon\" sizes=\"72x72\" href=\"\/apple-icon-72x72.png\">\n<link rel=\"apple-touch-icon\" sizes=\"76x76\" href=\"\/apple-icon-76x76.png\">\n<link rel=\"apple-touch-icon\" sizes=\"114x114\" href=\"\/apple-icon-114x114.png\">\n<link rel=\"apple-touch-icon\" sizes=\"120x120\" href=\"\/apple-icon-120x120.png\">\n<link rel=\"apple-touch-icon\" sizes=\"144x144\" href=\"\/apple-icon-144x144.png\">\n<link rel=\"apple-touch-icon\" sizes=\"152x152\" href=\"\/apple-icon-152x152.png\">\n<link rel=\"apple-touch-icon\" sizes=\"180x180\" href=\"\/apple-icon-180x180.png\">\n<link rel=\"icon\" type=\"image\/png\" sizes=\"192x192\"  href=\"\/android-icon-192x192.png\">\n<link rel=\"icon\" type=\"image\/png\" sizes=\"32x32\" href=\"\/favicon-32x32.png\">\n<link rel=\"icon\" type=\"image\/png\" sizes=\"96x96\" href=\"\/favicon-96x96.png\">\n<link rel=\"icon\" type=\"image\/png\" sizes=\"16x16\" href=\"\/favicon-16x16.png\">\n<link rel=\"manifest\" href=\"\/manifest.json\">\n<meta name=\"msapplication-TileColor\" content=\"#ffffff\"><br \/>\n<meta name=\"msapplication-TileImage\" content=\"\/ms-icon-144x144.png\"><br \/>\n<meta name=\"theme-color\" content=\"#ffffff\"><br \/>\n<meta name=\"description\" content=\"Auf unseren Seiten finden Sie Informationen \u00fcber die Aktivit\u00e4ten des Albuch Wintersport e.V. und dem Albuch Skilift in Schnaitheim-Aufhausen.\" \/><br \/>\n<meta name=\"description\" content=\"Weiter finden Sie Infos zum Pistenzustand und welche Anlagen in Betrieb sind.\" \/><br \/>\n<\/head><\/p>\n<h3 style=\"text-align: center;\"><span style=\"font-family: trebuchet ms,geneva,sans-serif;\">Die Liftanlage<\/span><\/h3>\n<p style=\"text-align: center;\"><span style=\"font-family: trebuchet ms,geneva,sans-serif;\">Technische Daten:<\/span><\/p>\n<p style=\"text-align: center;\"><span style=\"font-family: trebuchet ms,geneva,sans-serif;\">Hersteller: Doppelmayr &amp; Sohn<\/span><br \/>\n<span style=\"font-family: trebuchet ms,geneva,sans-serif;\">Elektroantrieb mit: ca. 35 kW<\/span><br \/>\n<span style=\"font-family: trebuchet ms,geneva,sans-serif;\">Baujahr: 1971<\/span><br \/>\n<span style=\"font-family: trebuchet ms,geneva,sans-serif;\">Schleppl\u00e4nge: 390 m<\/span><br \/>\n<span style=\"font-family: trebuchet ms,geneva,sans-serif;\">Seilgeschwindigkeit: 2,9 m\/s<\/span><br \/>\n<span style=\"font-family: trebuchet ms,geneva,sans-serif;\">Auslegung der Anlage: 865 Pers.\/Std.<\/span><br \/>\n<span style=\"font-family: trebuchet ms,geneva,sans-serif;\">F\u00f6rderseil-Durchmesser: 15 mm<\/span><\/p>\n<p style=\"text-align: center;\"><img loading=\"lazy\" decoding=\"async\" class=\"size-medium wp-image-119\" src=\"https:\/\/albuch-skilift.de\/wp-content\/uploads\/2017\/11\/pict0213-300x225.jpg\" alt=\"\" width=\"300\" height=\"225\" srcset=\"https:\/\/albuch-skilift.de\/wp-content\/uploads\/2017\/11\/pict0213-300x225.jpg 300w, https:\/\/albuch-skilift.de\/wp-content\/uploads\/2017\/11\/pict0213.jpg 640w\" sizes=\"auto, (max-width: 300px) 100vw, 300px\" \/><\/p>\n<h3 style=\"text-align: center;\"><span style=\"font-family: trebuchet ms,geneva,sans-serif;\">Das Flutlicht<\/span><\/h3>\n<p style=\"text-align: center;\"><span style=\"font-family: trebuchet ms,geneva,sans-serif;\">Unser Anlage verf\u00fcgt f\u00fcr den Nachtskibetrieb auch noch \u00fcber eine Flutlichtanlage die es und erm\u00f6glicht einen Betrieb bis 21:00 Uhr durch zu f\u00fchren.<\/span><\/p>\n<p style=\"text-align: center;\"><span style=\"font-family: trebuchet ms,geneva,sans-serif;\">Leistung: 14000 W <\/span><br \/>\n<span style=\"font-family: trebuchet ms,geneva,sans-serif;\">( 7 Scheinwerfer a 2000 W )<\/span><\/p>\n<p style=\"text-align: center;\"><img loading=\"lazy\" decoding=\"async\" class=\"alignnone size-medium wp-image-122\" src=\"https:\/\/albuch-skilift.de\/wp-content\/uploads\/2017\/11\/skihang1_w-300x240.jpg\" alt=\"\" width=\"300\" height=\"240\" srcset=\"https:\/\/albuch-skilift.de\/wp-content\/uploads\/2017\/11\/skihang1_w-300x240.jpg 300w, https:\/\/albuch-skilift.de\/wp-content\/uploads\/2017\/11\/skihang1_w.jpg 567w\" sizes=\"auto, (max-width: 300px) 100vw, 300px\" \/><\/p>\n<h3 style=\"text-align: center;\"><span style=\"font-family: trebuchet ms,geneva,sans-serif;\">Kleinlift<\/span><\/h3>\n<p style=\"text-align: center;\"><span style=\"font-family: trebuchet ms,geneva,sans-serif;\">Seit 2004 verf\u00fcgen wir auf der \u00dcbungswiese zus\u00e4tzlich zur Schleppliftanlage \u00fcber einen kleinen \u00dcbungslift mit ca. 100m Schleppl\u00e4nge und einer Leistung von ca. 3 kW.<\/span><\/p>\n<p style=\"text-align: center;\"><img loading=\"lazy\" decoding=\"async\" class=\"alignnone size-medium wp-image-130\" src=\"https:\/\/albuch-skilift.de\/wp-content\/uploads\/2017\/11\/uebungslift-300x200.jpg\" alt=\"\" width=\"300\" height=\"200\" srcset=\"https:\/\/albuch-skilift.de\/wp-content\/uploads\/2017\/11\/uebungslift-300x200.jpg 300w, https:\/\/albuch-skilift.de\/wp-content\/uploads\/2017\/11\/uebungslift.jpg 369w\" sizes=\"auto, (max-width: 300px) 100vw, 300px\" \/><\/p>\n","protected":false},"excerpt":{"rendered":"<p>Die Liftanlage Technische Daten: Hersteller: Doppelmayr &amp; Sohn Elektroantrieb mit: ca. 35 kW Baujahr: 1971 Schleppl\u00e4nge: 390 m Seilgeschwindigkeit: 2,9 [&hellip;]<\/p>\n","protected":false},"author":1,"featured_media":0,"parent":0,"menu_order":0,"comment_status":"closed","ping_status":"closed","template":"","meta":{"site-sidebar-layout":"default","site-content-layout":"","ast-site-content-layout":"default","site-content-style":"default","site-sidebar-style":"default","ast-global-header-display":"","ast-banner-title-visibility":"","ast-main-header-display":"","ast-hfb-above-header-display":"","ast-hfb-below-header-display":"","ast-hfb-mobile-header-display":"","site-post-title":"","ast-breadcrumbs-content":"","ast-featured-img":"","footer-sml-layout":"","ast-disable-related-posts":"","theme-transparent-header-meta":"","adv-header-id-meta":"","stick-header-meta":"","header-above-stick-meta":"","header-main-stick-meta":"","header-below-stick-meta":"","astra-migrate-meta-layouts":"default","ast-page-background-enabled":"default","ast-page-background-meta":{"desktop":{"background-color":"var(--ast-global-color-5)","background-image":"","background-repeat":"repeat","background-position":"center center","background-size":"auto","background-attachment":"scroll","background-type":"","background-media":"","overlay-type":"","overlay-color":"","overlay-opacity":"","overlay-gradient":""},"tablet":{"background-color":"","background-image":"","background-repeat":"repeat","background-position":"center center","background-size":"auto","background-attachment":"scroll","background-type":"","background-media":"","overlay-type":"","overlay-color":"","overlay-opacity":"","overlay-gradient":""},"mobile":{"background-color":"","background-image":"","background-repeat":"repeat","background-position":"center center","background-size":"auto","background-attachment":"scroll","background-type":"","background-media":"","overlay-type":"","overlay-color":"","overlay-opacity":"","overlay-gradient":""}},"ast-content-background-meta":{"desktop":{"background-color":"var(--ast-global-color-4)","background-image":"","background-repeat":"repeat","background-position":"center center","background-size":"auto","background-attachment":"scroll","background-type":"","background-media":"","overlay-type":"","overlay-color":"","overlay-opacity":"","overlay-gradient":""},"tablet":{"background-color":"var(--ast-global-color-4)","background-image":"","background-repeat":"repeat","background-position":"center center","background-size":"auto","background-attachment":"scroll","background-type":"","background-media":"","overlay-type":"","overlay-color":"","overlay-opacity":"","overlay-gradient":""},"mobile":{"background-color":"var(--ast-global-color-4)","background-image":"","background-repeat":"repeat","background-position":"center center","background-size":"auto","background-attachment":"scroll","background-type":"","background-media":"","overlay-type":"","overlay-color":"","overlay-opacity":"","overlay-gradient":""}},"footnotes":""},"class_list":["post-129","page","type-page","status-publish","hentry"],"_links":{"self":[{"href":"https:\/\/albuch-skilift.de\/index.php?rest_route=\/wp\/v2\/pages\/129","targetHints":{"allow":["GET"]}}],"collection":[{"href":"https:\/\/albuch-skilift.de\/index.php?rest_route=\/wp\/v2\/pages"}],"about":[{"href":"https:\/\/albuch-skilift.de\/index.php?rest_route=\/wp\/v2\/types\/page"}],"author":[{"embeddable":true,"href":"https:\/\/albuch-skilift.de\/index.php?rest_route=\/wp\/v2\/users\/1"}],"replies":[{"embeddable":true,"href":"https:\/\/albuch-skilift.de\/index.php?rest_route=%2Fwp%2Fv2%2Fcomments&post=129"}],"version-history":[{"count":4,"href":"https:\/\/albuch-skilift.de\/index.php?rest_route=\/wp\/v2\/pages\/129\/revisions"}],"predecessor-version":[{"id":766,"href":"https:\/\/albuch-skilift.de\/index.php?rest_route=\/wp\/v2\/pages\/129\/revisions\/766"}],"wp:attachment":[{"href":"https:\/\/albuch-skilift.de\/index.php?rest_route=%2Fwp%2Fv2%2Fmedia&parent=129"}],"curies":[{"name":"wp","href":"https:\/\/api.w.org\/{rel}","templated":true}]}}