{"id":133,"date":"2017-11-14T19:47:06","date_gmt":"2017-11-14T19:47:06","guid":{"rendered":"http:\/\/albuch-skilift.de\/?page_id=133"},"modified":"2024-12-22T14:07:09","modified_gmt":"2024-12-22T13:07:09","slug":"kontakt","status":"publish","type":"page","link":"https:\/\/albuch-skilift.de\/?page_id=133","title":{"rendered":"Kontakt"},"content":{"rendered":"<head>\n<link rel=\"apple-touch-icon\" sizes=\"57x57\" href=\"\/apple-icon-57x57.png\">\n<link rel=\"apple-touch-icon\" sizes=\"60x60\" href=\"\/apple-icon-60x60.png\">\n<link rel=\"apple-touch-icon\" sizes=\"72x72\" href=\"\/apple-icon-72x72.png\">\n<link rel=\"apple-touch-icon\" sizes=\"76x76\" href=\"\/apple-icon-76x76.png\">\n<link rel=\"apple-touch-icon\" sizes=\"114x114\" href=\"\/apple-icon-114x114.png\">\n<link rel=\"apple-touch-icon\" sizes=\"120x120\" href=\"\/apple-icon-120x120.png\">\n<link rel=\"apple-touch-icon\" sizes=\"144x144\" href=\"\/apple-icon-144x144.png\">\n<link rel=\"apple-touch-icon\" sizes=\"152x152\" href=\"\/apple-icon-152x152.png\">\n<link rel=\"apple-touch-icon\" sizes=\"180x180\" href=\"\/apple-icon-180x180.png\">\n<link rel=\"icon\" type=\"image\/png\" sizes=\"192x192\"  href=\"\/android-icon-192x192.png\">\n<link rel=\"icon\" type=\"image\/png\" sizes=\"32x32\" href=\"\/favicon-32x32.png\">\n<link rel=\"icon\" type=\"image\/png\" sizes=\"96x96\" href=\"\/favicon-96x96.png\">\n<link rel=\"icon\" type=\"image\/png\" sizes=\"16x16\" href=\"\/favicon-16x16.png\">\n<link rel=\"manifest\" href=\"\/manifest.json\">\n<meta name=\"msapplication-TileColor\" content=\"#ffffff\">\n<meta name=\"msapplication-TileImage\" content=\"\/ms-icon-144x144.png\">\n<meta name=\"theme-color\" content=\"#ffffff\">\n<meta name=\"description\" content=\"Auf unseren Seiten finden Sie Informationen \u00fcber die Aktivit\u00e4ten des Albuch Wintersport e.V. und dem Albuch Skilift in Schnaitheim-Aufhausen.\" \/>\n<meta name=\"description\" content=\"Weiter finden Sie Infos zum Pistenzustand und welche Anlagen in Betrieb sind.\" \/>\n<\/head>\n\n<p>Gerne k\u00f6nnen Sie uns hier eine Nachricht mit Ideen, W\u00fcnschen oder auch Kritik hinterlassen. Wenn es sinnvoll und m\u00f6glich ist werden wir gerne Ihre Anregungen einflie\u00dfen lassen.<\/p>\n\n<div class=\"wpcf7 no-js\" id=\"wpcf7-f375-o1\" lang=\"de-DE\" dir=\"ltr\" data-wpcf7-id=\"375\">\n<div class=\"screen-reader-response\"><p role=\"status\" aria-live=\"polite\" aria-atomic=\"true\"><\/p> <ul><\/ul><\/div>\n<form action=\"\/index.php?rest_route=%2Fwp%2Fv2%2Fpages%2F133#wpcf7-f375-o1\" method=\"post\" class=\"wpcf7-form init\" aria-label=\"Kontaktformular\" novalidate=\"novalidate\" data-status=\"init\">\n<fieldset class=\"hidden-fields-container\"><input type=\"hidden\" name=\"_wpcf7\" value=\"375\" \/><input type=\"hidden\" name=\"_wpcf7_version\" value=\"6.1.5\" \/><input type=\"hidden\" name=\"_wpcf7_locale\" value=\"de_DE\" \/><input type=\"hidden\" name=\"_wpcf7_unit_tag\" value=\"wpcf7-f375-o1\" \/><input type=\"hidden\" name=\"_wpcf7_container_post\" value=\"0\" \/><input type=\"hidden\" name=\"_wpcf7_posted_data_hash\" value=\"\" \/><input type=\"hidden\" name=\"_wpcf7_recaptcha_response\" value=\"\" \/>\n<\/fieldset>\n<p><label> Dein Name (Pflichtfeld)<br \/>\n<span class=\"wpcf7-form-control-wrap\" data-name=\"your-name\"><input size=\"40\" maxlength=\"400\" class=\"wpcf7-form-control wpcf7-text wpcf7-validates-as-required\" aria-required=\"true\" aria-invalid=\"false\" value=\"\" type=\"text\" name=\"your-name\" \/><\/span> <\/label>\n<\/p>\n<p><label> Deine E-Mail-Adresse (Pflichtfeld)<br \/>\n<span class=\"wpcf7-form-control-wrap\" data-name=\"your-email\"><input size=\"40\" maxlength=\"400\" class=\"wpcf7-form-control wpcf7-email wpcf7-validates-as-required wpcf7-text wpcf7-validates-as-email\" aria-required=\"true\" aria-invalid=\"false\" value=\"\" type=\"email\" name=\"your-email\" \/><\/span> <\/label>\n<\/p>\n<p><label> Betreff<br \/>\n<span class=\"wpcf7-form-control-wrap\" data-name=\"your-subject\"><input size=\"40\" maxlength=\"400\" class=\"wpcf7-form-control wpcf7-text\" aria-invalid=\"false\" value=\"\" type=\"text\" name=\"your-subject\" \/><\/span> <\/label>\n<\/p>\n<p><label> Deine Nachricht<br \/>\n<span class=\"wpcf7-form-control-wrap\" data-name=\"your-message\"><textarea cols=\"40\" rows=\"10\" maxlength=\"2000\" class=\"wpcf7-form-control wpcf7-textarea\" aria-invalid=\"false\" name=\"your-message\"><\/textarea><\/span> <\/label>\n<\/p>\n<p><input class=\"wpcf7-form-control wpcf7-submit has-spinner\" type=\"submit\" value=\"Senden\" \/>\n<\/p><p style=\"display: none !important;\" class=\"akismet-fields-container\" data-prefix=\"_wpcf7_ak_\"><label>&#916;<textarea name=\"_wpcf7_ak_hp_textarea\" cols=\"45\" rows=\"8\" maxlength=\"100\"><\/textarea><\/label><input type=\"hidden\" id=\"ak_js_1\" name=\"_wpcf7_ak_js\" value=\"51\"\/><script>\ndocument.getElementById( \"ak_js_1\" ).setAttribute( \"value\", ( new Date() ).getTime() );\n<\/script>\n<\/p><div class=\"wpcf7-response-output\" aria-hidden=\"true\"><\/div>\n<\/form>\n<\/div>\n\n","protected":false},"excerpt":{"rendered":"<p>Gerne k\u00f6nnen Sie uns hier eine Nachricht mit Ideen, W\u00fcnschen oder auch Kritik hinterlassen. Wenn es sinnvoll und m\u00f6glich ist [&hellip;]<\/p>\n","protected":false},"author":1,"featured_media":0,"parent":0,"menu_order":0,"comment_status":"closed","ping_status":"closed","template":"","meta":{"site-sidebar-layout":"default","site-content-layout":"","ast-site-content-layout":"default","site-content-style":"default","site-sidebar-style":"default","ast-global-header-display":"","ast-banner-title-visibility":"","ast-main-header-display":"","ast-hfb-above-header-display":"","ast-hfb-below-header-display":"","ast-hfb-mobile-header-display":"","site-post-title":"","ast-breadcrumbs-content":"","ast-featured-img":"","footer-sml-layout":"","ast-disable-related-posts":"","theme-transparent-header-meta":"","adv-header-id-meta":"","stick-header-meta":"","header-above-stick-meta":"","header-main-stick-meta":"","header-below-stick-meta":"","astra-migrate-meta-layouts":"default","ast-page-background-enabled":"default","ast-page-background-meta":{"desktop":{"background-color":"var(--ast-global-color-5)","background-image":"","background-repeat":"repeat","background-position":"center center","background-size":"auto","background-attachment":"scroll","background-type":"","background-media":"","overlay-type":"","overlay-color":"","overlay-opacity":"","overlay-gradient":""},"tablet":{"background-color":"","background-image":"","background-repeat":"repeat","background-position":"center center","background-size":"auto","background-attachment":"scroll","background-type":"","background-media":"","overlay-type":"","overlay-color":"","overlay-opacity":"","overlay-gradient":""},"mobile":{"background-color":"","background-image":"","background-repeat":"repeat","background-position":"center center","background-size":"auto","background-attachment":"scroll","background-type":"","background-media":"","overlay-type":"","overlay-color":"","overlay-opacity":"","overlay-gradient":""}},"ast-content-background-meta":{"desktop":{"background-color":"var(--ast-global-color-4)","background-image":"","background-repeat":"repeat","background-position":"center center","background-size":"auto","background-attachment":"scroll","background-type":"","background-media":"","overlay-type":"","overlay-color":"","overlay-opacity":"","overlay-gradient":""},"tablet":{"background-color":"var(--ast-global-color-4)","background-image":"","background-repeat":"repeat","background-position":"center center","background-size":"auto","background-attachment":"scroll","background-type":"","background-media":"","overlay-type":"","overlay-color":"","overlay-opacity":"","overlay-gradient":""},"mobile":{"background-color":"var(--ast-global-color-4)","background-image":"","background-repeat":"repeat","background-position":"center center","background-size":"auto","background-attachment":"scroll","background-type":"","background-media":"","overlay-type":"","overlay-color":"","overlay-opacity":"","overlay-gradient":""}},"footnotes":""},"class_list":["post-133","page","type-page","status-publish","hentry"],"_links":{"self":[{"href":"https:\/\/albuch-skilift.de\/index.php?rest_route=\/wp\/v2\/pages\/133","targetHints":{"allow":["GET"]}}],"collection":[{"href":"https:\/\/albuch-skilift.de\/index.php?rest_route=\/wp\/v2\/pages"}],"about":[{"href":"https:\/\/albuch-skilift.de\/index.php?rest_route=\/wp\/v2\/types\/page"}],"author":[{"embeddable":true,"href":"https:\/\/albuch-skilift.de\/index.php?rest_route=\/wp\/v2\/users\/1"}],"replies":[{"embeddable":true,"href":"https:\/\/albuch-skilift.de\/index.php?rest_route=%2Fwp%2Fv2%2Fcomments&post=133"}],"version-history":[{"count":7,"href":"https:\/\/albuch-skilift.de\/index.php?rest_route=\/wp\/v2\/pages\/133\/revisions"}],"predecessor-version":[{"id":769,"href":"https:\/\/albuch-skilift.de\/index.php?rest_route=\/wp\/v2\/pages\/133\/revisions\/769"}],"wp:attachment":[{"href":"https:\/\/albuch-skilift.de\/index.php?rest_route=%2Fwp%2Fv2%2Fmedia&parent=133"}],"curies":[{"name":"wp","href":"https:\/\/api.w.org\/{rel}","templated":true}]}}