{"id":329,"date":"2019-10-05T11:18:30","date_gmt":"2019-10-05T11:18:30","guid":{"rendered":"http:\/\/albuch-skilift.de\/?page_id=329"},"modified":"2024-12-22T14:04:55","modified_gmt":"2024-12-22T13:04:55","slug":"der-verein","status":"publish","type":"page","link":"https:\/\/albuch-skilift.de\/?page_id=329","title":{"rendered":"Der Verein"},"content":{"rendered":"<head>\n<link rel=\"apple-touch-icon\" sizes=\"57x57\" href=\"\/apple-icon-57x57.png\">\n<link rel=\"apple-touch-icon\" sizes=\"60x60\" href=\"\/apple-icon-60x60.png\">\n<link rel=\"apple-touch-icon\" sizes=\"72x72\" href=\"\/apple-icon-72x72.png\">\n<link rel=\"apple-touch-icon\" sizes=\"76x76\" href=\"\/apple-icon-76x76.png\">\n<link rel=\"apple-touch-icon\" sizes=\"114x114\" href=\"\/apple-icon-114x114.png\">\n<link rel=\"apple-touch-icon\" sizes=\"120x120\" href=\"\/apple-icon-120x120.png\">\n<link rel=\"apple-touch-icon\" sizes=\"144x144\" href=\"\/apple-icon-144x144.png\">\n<link rel=\"apple-touch-icon\" sizes=\"152x152\" href=\"\/apple-icon-152x152.png\">\n<link rel=\"apple-touch-icon\" sizes=\"180x180\" href=\"\/apple-icon-180x180.png\">\n<link rel=\"icon\" type=\"image\/png\" sizes=\"192x192\"  href=\"\/android-icon-192x192.png\">\n<link rel=\"icon\" type=\"image\/png\" sizes=\"32x32\" href=\"\/favicon-32x32.png\">\n<link rel=\"icon\" type=\"image\/png\" sizes=\"96x96\" href=\"\/favicon-96x96.png\">\n<link rel=\"icon\" type=\"image\/png\" sizes=\"16x16\" href=\"\/favicon-16x16.png\">\n<link rel=\"manifest\" href=\"\/manifest.json\">\n<meta name=\"msapplication-TileColor\" content=\"#ffffff\">\n<meta name=\"msapplication-TileImage\" content=\"\/ms-icon-144x144.png\">\n<meta name=\"theme-color\" content=\"#ffffff\">\n<meta name=\"description\" content=\"Auf unseren Seiten finden Sie Informationen \u00fcber die Aktivit\u00e4ten des Albuch Wintersport e.V. und dem Albuch Skilift in Schnaitheim-Aufhausen.\" \/>\n<meta name=\"description\" content=\"Weiter finden Sie Infos zum Pistenzustand und welche Anlagen in Betrieb sind.\" \/>\n<\/head>\n\n\n\n<p>Wer sind wir?<br \/><br \/>Viele Jahre wurde der Albuch-Skilift von der TSG-Schnaitheim, den Naturfreunden Schnaitheim, dem Skiclub Schnaitheim und der Stadt Heidenheim als GmbH betrieben. Schneearme Winter und gestiegene Verwaltungskosten f\u00fchrten dazu, dass wir eine neue Betriebsform finden mussten. <br \/>Am 27.09.2019 wurde aus diesem Grund der Albuch Wintersport Schnaitheim e.V. gegr\u00fcndet. Ziel des Vereins ist es, gemeinsam mit den drei wintersporttreibenden Vereinen den Wintersport in Schnaitheim zu f\u00f6rdern. Zu diesem Zweck betreiben wir auch den Skilift weiter.<\/p>\n<p>Wir freuen uns, wenn Ihnen unsere Arbeit gef\u00e4llt und Sie den Albuch Skilift besuchen, oder an einem Skikurs teilnehmen.<\/p>\n<p>Wenn Sie uns finanziell unterst\u00fctzen m\u00f6chten, dann freuen wir uns \u00fcber Ihre Mitgliedschaft. F\u00fcr einen Jahresbeitrag von 10 Euro f\u00fcr Erwachsene, 5 Euro f\u00fcr Kinder und Jugendliche und 25 Euro f\u00fcr Familien k\u00f6nnen Sie uns unterst\u00fctzen.<\/p>\n<p>\u00a0<\/p>\n","protected":false},"excerpt":{"rendered":"<p>Wer sind wir? Viele Jahre wurde der Albuch-Skilift von der TSG-Schnaitheim, den Naturfreunden Schnaitheim, dem Skiclub Schnaitheim und der Stadt [&hellip;]<\/p>\n","protected":false},"author":1,"featured_media":0,"parent":0,"menu_order":0,"comment_status":"closed","ping_status":"closed","template":"","meta":{"site-sidebar-layout":"default","site-content-layout":"","ast-site-content-layout":"default","site-content-style":"default","site-sidebar-style":"default","ast-global-header-display":"","ast-banner-title-visibility":"","ast-main-header-display":"","ast-hfb-above-header-display":"","ast-hfb-below-header-display":"","ast-hfb-mobile-header-display":"","site-post-title":"","ast-breadcrumbs-content":"","ast-featured-img":"","footer-sml-layout":"","ast-disable-related-posts":"","theme-transparent-header-meta":"","adv-header-id-meta":"","stick-header-meta":"","header-above-stick-meta":"","header-main-stick-meta":"","header-below-stick-meta":"","astra-migrate-meta-layouts":"default","ast-page-background-enabled":"default","ast-page-background-meta":{"desktop":{"background-color":"var(--ast-global-color-5)","background-image":"","background-repeat":"repeat","background-position":"center center","background-size":"auto","background-attachment":"scroll","background-type":"","background-media":"","overlay-type":"","overlay-color":"","overlay-opacity":"","overlay-gradient":""},"tablet":{"background-color":"","background-image":"","background-repeat":"repeat","background-position":"center center","background-size":"auto","background-attachment":"scroll","background-type":"","background-media":"","overlay-type":"","overlay-color":"","overlay-opacity":"","overlay-gradient":""},"mobile":{"background-color":"","background-image":"","background-repeat":"repeat","background-position":"center center","background-size":"auto","background-attachment":"scroll","background-type":"","background-media":"","overlay-type":"","overlay-color":"","overlay-opacity":"","overlay-gradient":""}},"ast-content-background-meta":{"desktop":{"background-color":"var(--ast-global-color-4)","background-image":"","background-repeat":"repeat","background-position":"center center","background-size":"auto","background-attachment":"scroll","background-type":"","background-media":"","overlay-type":"","overlay-color":"","overlay-opacity":"","overlay-gradient":""},"tablet":{"background-color":"var(--ast-global-color-4)","background-image":"","background-repeat":"repeat","background-position":"center center","background-size":"auto","background-attachment":"scroll","background-type":"","background-media":"","overlay-type":"","overlay-color":"","overlay-opacity":"","overlay-gradient":""},"mobile":{"background-color":"var(--ast-global-color-4)","background-image":"","background-repeat":"repeat","background-position":"center center","background-size":"auto","background-attachment":"scroll","background-type":"","background-media":"","overlay-type":"","overlay-color":"","overlay-opacity":"","overlay-gradient":""}},"footnotes":""},"class_list":["post-329","page","type-page","status-publish","hentry"],"_links":{"self":[{"href":"https:\/\/albuch-skilift.de\/index.php?rest_route=\/wp\/v2\/pages\/329","targetHints":{"allow":["GET"]}}],"collection":[{"href":"https:\/\/albuch-skilift.de\/index.php?rest_route=\/wp\/v2\/pages"}],"about":[{"href":"https:\/\/albuch-skilift.de\/index.php?rest_route=\/wp\/v2\/types\/page"}],"author":[{"embeddable":true,"href":"https:\/\/albuch-skilift.de\/index.php?rest_route=\/wp\/v2\/users\/1"}],"replies":[{"embeddable":true,"href":"https:\/\/albuch-skilift.de\/index.php?rest_route=%2Fwp%2Fv2%2Fcomments&post=329"}],"version-history":[{"count":8,"href":"https:\/\/albuch-skilift.de\/index.php?rest_route=\/wp\/v2\/pages\/329\/revisions"}],"predecessor-version":[{"id":765,"href":"https:\/\/albuch-skilift.de\/index.php?rest_route=\/wp\/v2\/pages\/329\/revisions\/765"}],"wp:attachment":[{"href":"https:\/\/albuch-skilift.de\/index.php?rest_route=%2Fwp%2Fv2%2Fmedia&parent=329"}],"curies":[{"name":"wp","href":"https:\/\/api.w.org\/{rel}","templated":true}]}}