{"id":361,"date":"2019-10-05T20:33:36","date_gmt":"2019-10-05T20:33:36","guid":{"rendered":"http:\/\/albuch-skilift.de\/?page_id=361"},"modified":"2026-01-16T08:58:20","modified_gmt":"2026-01-16T07:58:20","slug":"mitgliedsantrag-zum-download","status":"publish","type":"page","link":"https:\/\/albuch-skilift.de\/?page_id=361","title":{"rendered":"Mitgliedsantrag zum Download"},"content":{"rendered":"\n<p>Werde Mitglied beim Albuch Wintersport Schnaitheim e.V.!<br \/>Wer sind wir?<br \/>Viele Jahre wurde der Albuch-Skilift von der TSG-Schnaitheim, den<br \/>Naturfreunden Schnaitheim, dem Skiclub Schnaitheim und der Stadt<br \/>Heidenheim als GmbH betrieben.<br \/>Schneearme Winter und gestiegene Verwaltungskosten f\u00fchrten dazu,<br \/>dass wir eine neue Betriebsform finden mussten.<br \/>Am 27.09.2019 wurde aus diesem Grund der<br \/>Albuch Wintersport Schnaitheim e.V.<br \/>gegr\u00fcndet. Ziel des Vereins ist es, gemeinsam mit den drei<br \/>wintersporttreibenden Vereinen den Wintersport in Schnaitheim zu<br \/>f\u00f6rdern. Zu diesem Zweck betreiben wir auch den Skilift weiter.<br \/>F\u00fcr einen Jahresbeitrag von 10 Euro f\u00fcr Erwachsene, 5 Euro f\u00fcr<br \/>Kinder und Jugendliche und 25 Euro f\u00fcr Familien kannst du uns<br \/>unterst\u00fctzen.<br \/>Wir freuen uns auf dich!<\/p>\n<p><a href=\"https:\/\/albuch-skilift.de\/wp-content\/uploads\/2026\/01\/Mitgliedsantrag_2026.pdf\">Mitgliedsantrag<\/a><\/p>\n\n\n","protected":false},"excerpt":{"rendered":"<p>Werde Mitglied beim Albuch Wintersport Schnaitheim e.V.!Wer sind wir?Viele Jahre wurde der Albuch-Skilift von der TSG-Schnaitheim, denNaturfreunden Schnaitheim, dem Skiclub [&hellip;]<\/p>\n","protected":false},"author":1,"featured_media":0,"parent":0,"menu_order":0,"comment_status":"closed","ping_status":"closed","template":"","meta":{"site-sidebar-layout":"default","site-content-layout":"","ast-site-content-layout":"default","site-content-style":"default","site-sidebar-style":"default","ast-global-header-display":"","ast-banner-title-visibility":"","ast-main-header-display":"","ast-hfb-above-header-display":"","ast-hfb-below-header-display":"","ast-hfb-mobile-header-display":"","site-post-title":"","ast-breadcrumbs-content":"","ast-featured-img":"","footer-sml-layout":"","ast-disable-related-posts":"","theme-transparent-header-meta":"","adv-header-id-meta":"","stick-header-meta":"","header-above-stick-meta":"","header-main-stick-meta":"","header-below-stick-meta":"","astra-migrate-meta-layouts":"default","ast-page-background-enabled":"default","ast-page-background-meta":{"desktop":{"background-color":"var(--ast-global-color-5)","background-image":"","background-repeat":"repeat","background-position":"center center","background-size":"auto","background-attachment":"scroll","background-type":"","background-media":"","overlay-type":"","overlay-color":"","overlay-opacity":"","overlay-gradient":""},"tablet":{"background-color":"","background-image":"","background-repeat":"repeat","background-position":"center center","background-size":"auto","background-attachment":"scroll","background-type":"","background-media":"","overlay-type":"","overlay-color":"","overlay-opacity":"","overlay-gradient":""},"mobile":{"background-color":"","background-image":"","background-repeat":"repeat","background-position":"center center","background-size":"auto","background-attachment":"scroll","background-type":"","background-media":"","overlay-type":"","overlay-color":"","overlay-opacity":"","overlay-gradient":""}},"ast-content-background-meta":{"desktop":{"background-color":"var(--ast-global-color-4)","background-image":"","background-repeat":"repeat","background-position":"center center","background-size":"auto","background-attachment":"scroll","background-type":"","background-media":"","overlay-type":"","overlay-color":"","overlay-opacity":"","overlay-gradient":""},"tablet":{"background-color":"var(--ast-global-color-4)","background-image":"","background-repeat":"repeat","background-position":"center center","background-size":"auto","background-attachment":"scroll","background-type":"","background-media":"","overlay-type":"","overlay-color":"","overlay-opacity":"","overlay-gradient":""},"mobile":{"background-color":"var(--ast-global-color-4)","background-image":"","background-repeat":"repeat","background-position":"center center","background-size":"auto","background-attachment":"scroll","background-type":"","background-media":"","overlay-type":"","overlay-color":"","overlay-opacity":"","overlay-gradient":""}},"footnotes":""},"class_list":["post-361","page","type-page","status-publish","hentry"],"_links":{"self":[{"href":"https:\/\/albuch-skilift.de\/index.php?rest_route=\/wp\/v2\/pages\/361","targetHints":{"allow":["GET"]}}],"collection":[{"href":"https:\/\/albuch-skilift.de\/index.php?rest_route=\/wp\/v2\/pages"}],"about":[{"href":"https:\/\/albuch-skilift.de\/index.php?rest_route=\/wp\/v2\/types\/page"}],"author":[{"embeddable":true,"href":"https:\/\/albuch-skilift.de\/index.php?rest_route=\/wp\/v2\/users\/1"}],"replies":[{"embeddable":true,"href":"https:\/\/albuch-skilift.de\/index.php?rest_route=%2Fwp%2Fv2%2Fcomments&post=361"}],"version-history":[{"count":6,"href":"https:\/\/albuch-skilift.de\/index.php?rest_route=\/wp\/v2\/pages\/361\/revisions"}],"predecessor-version":[{"id":899,"href":"https:\/\/albuch-skilift.de\/index.php?rest_route=\/wp\/v2\/pages\/361\/revisions\/899"}],"wp:attachment":[{"href":"https:\/\/albuch-skilift.de\/index.php?rest_route=%2Fwp%2Fv2%2Fmedia&parent=361"}],"curies":[{"name":"wp","href":"https:\/\/api.w.org\/{rel}","templated":true}]}}