{"id":789,"date":"2025-10-18T08:06:41","date_gmt":"2025-10-18T07:06:41","guid":{"rendered":"https:\/\/albuch-skilift.de\/?page_id=789"},"modified":"2025-11-22T13:33:32","modified_gmt":"2025-11-22T12:33:32","slug":"skiausfahrt-an-den-golm","status":"publish","type":"page","link":"https:\/\/albuch-skilift.de\/?page_id=789","title":{"rendered":"Skiausfahrt an den Golm"},"content":{"rendered":"\n\n\n<div class=\"entry-content\">\n<figure class=\"wp-block-image aligncenter size-full is-resized\"><img loading=\"lazy\" decoding=\"async\" class=\"wp-image-2521\" src=\"https:\/\/www.naturfreunde-schnaitheim.de\/wp-content\/uploads\/2025\/09\/Albuch-TSG-LF-Logo.png\" sizes=\"auto, (max-width: 802px) 100vw, 802px\" srcset=\"https:\/\/www.naturfreunde-schnaitheim.de\/wp-content\/uploads\/2025\/09\/Albuch-TSG-LF-Logo.png 802w, https:\/\/www.naturfreunde-schnaitheim.de\/wp-content\/uploads\/2025\/09\/Albuch-TSG-LF-Logo-300x240.png 300w, https:\/\/www.naturfreunde-schnaitheim.de\/wp-content\/uploads\/2025\/09\/Albuch-TSG-LF-Logo-768x615.png 768w, https:\/\/www.naturfreunde-schnaitheim.de\/wp-content\/uploads\/2025\/09\/Albuch-TSG-LF-Logo-230x184.png 230w, https:\/\/www.naturfreunde-schnaitheim.de\/wp-content\/uploads\/2025\/09\/Albuch-TSG-LF-Logo-350x280.png 350w, https:\/\/www.naturfreunde-schnaitheim.de\/wp-content\/uploads\/2025\/09\/Albuch-TSG-LF-Logo-480x384.png 480w\" alt=\"\" width=\"802\" height=\"642\" \/><\/figure>\n<p class=\"has-text-align-center\">F\u00fcr alle schneebegeisterten Skifahrer und Snowboarder haben wir einen Bus an den Golm reserviert.<br \/><strong>Diese Ausfahrt wird gemeinsam mit dem Albuch Wintersport Schnaitheim e.V. und der TSG Schnaitheim e.V. durchgef\u00fchrt, daher zahlen die Mitglieder dieser Vereine den erm\u00e4\u00dfigten Teilnehmerbeitrag.<\/strong><\/p>\n<figure class=\"wp-block-image aligncenter size-large is-resized\"><img loading=\"lazy\" decoding=\"async\" class=\"wp-image-568\" src=\"https:\/\/www.naturfreunde-schnaitheim.de\/wp-content\/uploads\/2021\/10\/golm-header-1024x1024.png\" sizes=\"auto, (max-width: 1024px) 100vw, 1024px\" srcset=\"https:\/\/www.naturfreunde-schnaitheim.de\/wp-content\/uploads\/2021\/10\/golm-header-1024x1024.png 1024w, https:\/\/www.naturfreunde-schnaitheim.de\/wp-content\/uploads\/2021\/10\/golm-header-300x300.png 300w, https:\/\/www.naturfreunde-schnaitheim.de\/wp-content\/uploads\/2021\/10\/golm-header-150x150.png 150w, https:\/\/www.naturfreunde-schnaitheim.de\/wp-content\/uploads\/2021\/10\/golm-header-768x768.png 768w, https:\/\/www.naturfreunde-schnaitheim.de\/wp-content\/uploads\/2021\/10\/golm-header-1536x1536.png 1536w, https:\/\/www.naturfreunde-schnaitheim.de\/wp-content\/uploads\/2021\/10\/golm-header-2048x2048.png 2048w, https:\/\/www.naturfreunde-schnaitheim.de\/wp-content\/uploads\/2021\/10\/golm-header-920x920.png 920w, https:\/\/www.naturfreunde-schnaitheim.de\/wp-content\/uploads\/2021\/10\/golm-header-230x230.png 230w, https:\/\/www.naturfreunde-schnaitheim.de\/wp-content\/uploads\/2021\/10\/golm-header-350x350.png 350w, https:\/\/www.naturfreunde-schnaitheim.de\/wp-content\/uploads\/2021\/10\/golm-header-480x480.png 480w\" alt=\"\" width=\"1024\" height=\"1024\" \/><\/figure>\n<figure class=\"wp-block-table aligncenter is-style-stripes\">\n<table>\n<tbody>\n<tr>\n<td><strong>Termin<\/strong><\/td>\n<td>07. Februar 2026<\/td>\n<\/tr>\n<tr>\n<td><strong>Anmeldeschluss<\/strong><\/td>\n<td>03. Februar 2026<\/td>\n<\/tr>\n<tr>\n<td><strong>Abfahrt<\/strong><\/td>\n<td>06:00 Uhr<br \/>Parkplatz \u201eMarktkauf\u201c in Schnaitheim<br \/>an den Glascontainern<\/td>\n<\/tr>\n<tr>\n<td><strong>R\u00fcckkehr<\/strong><\/td>\n<td>ca. 19:00 Uhr<\/td>\n<\/tr>\n<tr>\n<td><strong>Leistungen<\/strong><\/td>\n<td>Fahrt im modernen Reisebus<br \/>Reiseleitung<br \/>Liftkarte<\/td>\n<\/tr>\n<\/tbody>\n<\/table>\n<\/figure>\n<p class=\"has-text-align-center has-vivid-red-color has-text-color\"><br \/><strong>WICHTIG: Die Teilnehmerzahl ist begrenzt und es z\u00e4hlt die Reihenfolge der Zahlungseing\u00e4nge.<\/strong><\/p>\n<figure class=\"wp-block-table aligncenter is-style-stripes\">\n<table>\n<tbody>\n<tr>\n<td><strong>Jahrgang<\/strong><\/td>\n<td><strong>Mitglieder<\/strong><\/td>\n<td><strong>Nichtmitglieder<\/strong><\/td>\n<\/tr>\n<tr>\n<td><strong>1961 und \u00e4lter<\/strong><\/td>\n<td>85,00 \u20ac<\/td>\n<td>90,00 \u20ac<\/td>\n<\/tr>\n<tr>\n<td><strong>1962 \u2013 2006<\/strong><\/td>\n<td>87,00 \u20ac<\/td>\n<td>92,00 \u20ac<\/td>\n<\/tr>\n<tr>\n<td><strong>2007 \u2013 2019<\/strong><\/td>\n<td>66,00 \u20ac<\/td>\n<td>71,00 \u20ac<\/td>\n<\/tr>\n<tr>\n<td><strong>2020 und j\u00fcnger<\/strong><\/td>\n<td>37,00 \u20ac<\/td>\n<td>42,00 \u20ac<\/td>\n<\/tr>\n<tr>\n<td><strong>nur Busfahrt<\/strong><\/td>\n<td>37,00 \u20ac<\/td>\n<td>42,00 \u20ac<\/td>\n<\/tr>\n<\/tbody>\n<\/table>\n<\/figure>\n<p>\u00a0<\/p>\n<div class=\"wp-block-button aligncenter\"><a class=\"wp-block-button__link has-very-dark-gray-color has-vivid-red-background-color has-text-color has-background wp-element-button\" href=\"https:\/\/www.naturfreunde-schnaitheim.de\/?page_id=398\"><strong>Online-Anmeldung<\/strong><\/a><\/div>\n<p>\u00a0<\/p>\n<div class=\"wp-block-button aligncenter\"><a class=\"wp-block-button__link has-very-dark-gray-color has-vivid-red-background-color has-text-color has-background wp-element-button\" href=\"https:\/\/www.naturfreunde-schnaitheim.de\/wp-content\/uploads\/2025\/10\/anmeldung_2026.pdf\" target=\"_blank\" rel=\"noreferrer noopener\"><strong>Papier-Anmeldung<\/strong><\/a><\/div>\n<p class=\"has-text-align-center\">Der NaturFreunde Mitgliedsausweis ist auf Verlangen vorzuzeigen.<\/p>\n<p>Die Gesamtkosten sind bis zum Anmeldeschluss auf das Konto der NaturFreunde Schneesportschule Schnaitheim, Volksbank Heidenheim BIC:\u00a0<strong>GENODES1HDH<\/strong>, IBAN:\u00a0<strong>DE33 6329 0110 0376 5600 02<\/strong>, Stichwort:\u00a0<strong>\u201eSkiausfahrt Golm\u201c<\/strong>\u00a0zu \u00fcberweisen.<\/p>\n<p class=\"has-text-align-center has-vivid-red-color has-text-color\"><strong>Die Anmeldung ist erst g\u00fcltig, wenn der gesamte Teilnehmerbetrag eingegangen ist.<\/strong><\/p>\n<p class=\"has-text-align-center\">Die Teilnahme von Kindern unter 14 Jahren ist nur in Begleitung eines Erwachsenen m\u00f6glich.<br \/><strong>Wir haben bei unseren Fahrten immer Apfelsaftschorle, Spezi, Bier und Piccolos dabei.<\/strong><\/p>\n<p class=\"has-text-align-center\">Eine Versicherung erfolgt in eigenem Ermessen.<\/p>\n<p class=\"has-text-align-center has-vivid-red-color has-text-color\"><strong>Wir empfehlen die Benutzung eines Helmes zur eigenen Sicherheit.<\/strong><\/p>\n<p class=\"has-text-align-center has-vivid-red-color has-text-color\"><strong>Bei Nichtteilnahme an der\u00a0 Ausfahrt kann keine R\u00fcckerstattung der Kursgeb\u00fchren erfolgen.<\/strong><\/p>\n<p class=\"has-text-align-center has-vivid-red-color has-text-color\"><strong>! Eine Teilnahme ohne Busfahrt ist hier leider nicht m\u00f6glich !<\/strong><\/p>\n<\/div>\n","protected":false},"excerpt":{"rendered":"<p>F\u00fcr alle schneebegeisterten Skifahrer und Snowboarder haben wir einen Bus an den Golm reserviert.Diese Ausfahrt wird gemeinsam mit dem Albuch [&hellip;]<\/p>\n","protected":false},"author":1,"featured_media":0,"parent":0,"menu_order":0,"comment_status":"closed","ping_status":"closed","template":"","meta":{"site-sidebar-layout":"default","site-content-layout":"","ast-site-content-layout":"default","site-content-style":"default","site-sidebar-style":"default","ast-global-header-display":"","ast-banner-title-visibility":"","ast-main-header-display":"","ast-hfb-above-header-display":"","ast-hfb-below-header-display":"","ast-hfb-mobile-header-display":"","site-post-title":"","ast-breadcrumbs-content":"","ast-featured-img":"","footer-sml-layout":"","ast-disable-related-posts":"","theme-transparent-header-meta":"","adv-header-id-meta":"","stick-header-meta":"","header-above-stick-meta":"","header-main-stick-meta":"","header-below-stick-meta":"","astra-migrate-meta-layouts":"default","ast-page-background-enabled":"default","ast-page-background-meta":{"desktop":{"background-color":"var(--ast-global-color-5)","background-image":"","background-repeat":"repeat","background-position":"center center","background-size":"auto","background-attachment":"scroll","background-type":"","background-media":"","overlay-type":"","overlay-color":"","overlay-opacity":"","overlay-gradient":""},"tablet":{"background-color":"","background-image":"","background-repeat":"repeat","background-position":"center center","background-size":"auto","background-attachment":"scroll","background-type":"","background-media":"","overlay-type":"","overlay-color":"","overlay-opacity":"","overlay-gradient":""},"mobile":{"background-color":"","background-image":"","background-repeat":"repeat","background-position":"center center","background-size":"auto","background-attachment":"scroll","background-type":"","background-media":"","overlay-type":"","overlay-color":"","overlay-opacity":"","overlay-gradient":""}},"ast-content-background-meta":{"desktop":{"background-color":"var(--ast-global-color-4)","background-image":"","background-repeat":"repeat","background-position":"center center","background-size":"auto","background-attachment":"scroll","background-type":"","background-media":"","overlay-type":"","overlay-color":"","overlay-opacity":"","overlay-gradient":""},"tablet":{"background-color":"var(--ast-global-color-4)","background-image":"","background-repeat":"repeat","background-position":"center center","background-size":"auto","background-attachment":"scroll","background-type":"","background-media":"","overlay-type":"","overlay-color":"","overlay-opacity":"","overlay-gradient":""},"mobile":{"background-color":"var(--ast-global-color-4)","background-image":"","background-repeat":"repeat","background-position":"center center","background-size":"auto","background-attachment":"scroll","background-type":"","background-media":"","overlay-type":"","overlay-color":"","overlay-opacity":"","overlay-gradient":""}},"footnotes":""},"class_list":["post-789","page","type-page","status-publish","hentry"],"_links":{"self":[{"href":"https:\/\/albuch-skilift.de\/index.php?rest_route=\/wp\/v2\/pages\/789","targetHints":{"allow":["GET"]}}],"collection":[{"href":"https:\/\/albuch-skilift.de\/index.php?rest_route=\/wp\/v2\/pages"}],"about":[{"href":"https:\/\/albuch-skilift.de\/index.php?rest_route=\/wp\/v2\/types\/page"}],"author":[{"embeddable":true,"href":"https:\/\/albuch-skilift.de\/index.php?rest_route=\/wp\/v2\/users\/1"}],"replies":[{"embeddable":true,"href":"https:\/\/albuch-skilift.de\/index.php?rest_route=%2Fwp%2Fv2%2Fcomments&post=789"}],"version-history":[{"count":3,"href":"https:\/\/albuch-skilift.de\/index.php?rest_route=\/wp\/v2\/pages\/789\/revisions"}],"predecessor-version":[{"id":822,"href":"https:\/\/albuch-skilift.de\/index.php?rest_route=\/wp\/v2\/pages\/789\/revisions\/822"}],"wp:attachment":[{"href":"https:\/\/albuch-skilift.de\/index.php?rest_route=%2Fwp%2Fv2%2Fmedia&parent=789"}],"curies":[{"name":"wp","href":"https:\/\/api.w.org\/{rel}","templated":true}]}}