{"id":817,"date":"2025-10-18T11:32:37","date_gmt":"2025-10-18T10:32:37","guid":{"rendered":"https:\/\/albuch-skilift.de\/?page_id=817"},"modified":"2025-10-18T11:32:37","modified_gmt":"2025-10-18T10:32:37","slug":"ski-und-snowboardkurse-im-tannheimer-tal","status":"publish","type":"page","link":"https:\/\/albuch-skilift.de\/?page_id=817","title":{"rendered":"Ski- und Snowboardkurse im Tannheimer Tal"},"content":{"rendered":"\n<header class=\"entry-header\">\n<h1 class=\"title-post entry-title\">Ski- und Snowboardkurse im Tannheimer Tal<\/h1>\n<\/header>\n<div class=\"entry-content\">\n<div class=\"wp-block-media-text alignwide is-stacked-on-mobile\">\n<figure class=\"wp-block-media-text__media\"><img loading=\"lazy\" decoding=\"async\" class=\"wp-image-276 size-full\" src=\"https:\/\/www.naturfreunde-schnaitheim.de\/wp-content\/uploads\/2019\/10\/Logo-Sonnenbergbahnen_Gr%C3%A4n.jpg\" sizes=\"auto, (max-width: 762px) 100vw, 762px\" srcset=\"https:\/\/www.naturfreunde-schnaitheim.de\/wp-content\/uploads\/2019\/10\/Logo-Sonnenbergbahnen_Gr\u00e4n.jpg 762w, https:\/\/www.naturfreunde-schnaitheim.de\/wp-content\/uploads\/2019\/10\/Logo-Sonnenbergbahnen_Gr\u00e4n-150x150.jpg 150w, https:\/\/www.naturfreunde-schnaitheim.de\/wp-content\/uploads\/2019\/10\/Logo-Sonnenbergbahnen_Gr\u00e4n-298x300.jpg 298w, https:\/\/www.naturfreunde-schnaitheim.de\/wp-content\/uploads\/2019\/10\/Logo-Sonnenbergbahnen_Gr\u00e4n-230x232.jpg 230w, https:\/\/www.naturfreunde-schnaitheim.de\/wp-content\/uploads\/2019\/10\/Logo-Sonnenbergbahnen_Gr\u00e4n-350x353.jpg 350w, https:\/\/www.naturfreunde-schnaitheim.de\/wp-content\/uploads\/2019\/10\/Logo-Sonnenbergbahnen_Gr\u00e4n-480x484.jpg 480w\" alt=\"\" width=\"762\" height=\"768\" \/><\/figure>\n<div class=\"wp-block-media-text__content\">\n<p class=\"has-large-font-size\">Allgemeine Informationen:<\/p>\n<ul class=\"wp-block-list\">\n<li>f\u00fcr Kinder und Jugendliche ab\u00a0<strong>6 Jahre<\/strong>\u00a0(Snowboard ab\u00a0<strong>8 Jahre<\/strong>) und Erwachsene<\/li>\n<li>Anf\u00e4nger und Fortgeschrittene<\/li>\n<li>in optimaler Gruppengr\u00f6\u00dfe<\/li>\n<li>von gut geschulten und erfahrenen Lehrkr\u00e4ften<\/li>\n<\/ul>\n<p>Wir fahren\u00a0<strong>gemeinsam<\/strong>\u00a0und\u00a0<strong>umweltvertr\u00e4glich<\/strong>\u00a0nach\u00a0<a href=\"https:\/\/www.lifte-graen.com\/\">Gr\u00e4n<\/a>\u00a0im Tannheimer Tal, das ideale \u00dcbungsm\u00f6glichkeiten f\u00fcr Anf\u00e4nger und Fortgeschrittene bietet.<\/p>\n<\/div>\n<\/div>\n<figure class=\"wp-block-table aligncenter is-style-stripes\">\n<table>\n<tbody>\n<tr>\n<td><strong>Termine<br \/>Ersatztermin<\/strong><\/td>\n<td>10. und 17. Januar 2026<br \/>24. Januar 2026<\/td>\n<\/tr>\n<tr>\n<td><strong>Anmeldeschluss<\/strong><\/td>\n<td>06. Januar 2026<\/td>\n<\/tr>\n<tr>\n<td><strong>Abfahrt<\/strong><\/td>\n<td>06:30 Uhr<br \/>Parkplatz \u201eMarktkauf\u201c in Schnaitheim<br \/>an den Glascontainern<\/td>\n<\/tr>\n<tr>\n<td><strong>R\u00fcckkehr<\/strong><\/td>\n<td>ca. 19:00 Uhr<\/td>\n<\/tr>\n<tr>\n<td><strong>Vesper*<\/strong><\/td>\n<td>Saitenw\u00fcrstchen (Rind\/Schwein)<br \/>K\u00e4sebr\u00f6tchen<br \/>Zitronentee<\/td>\n<\/tr>\n<\/tbody>\n<\/table>\n<\/figure>\n<p class=\"has-text-align-center has-vivid-red-color has-text-color\"><br \/><strong>WICHTIG: Die Teilnehmerzahl ist begrenzt und es z\u00e4hlt die Reihenfolge der Zahlungseing\u00e4nge.<\/strong><\/p>\n<figure class=\"wp-block-table aligncenter is-style-stripes\">\n<table>\n<tbody>\n<tr>\n<td><strong>Kursgeb\u00fchren<\/strong><br \/>f\u00fcr beide Tage<\/td>\n<td><strong>Mitglieder<\/strong><\/td>\n<td><strong>Mitglieder<\/strong><\/td>\n<td><strong>Nichtmitglieder<\/strong><\/td>\n<td><strong>Nichtmitglieder<\/strong><\/td>\n<\/tr>\n<tr>\n<td><strong>Leistungen<\/strong><\/td>\n<td>Kinder und Jugendliche<br \/>bis 15 Jahre<\/td>\n<td>Erwachsene<br \/>ab 16 Jahre<\/td>\n<td>Kinder und Jugendliche<br \/>bis 15 Jahre<\/td>\n<td>Erwachsene<br \/>ab 16 Jahre<\/td>\n<\/tr>\n<tr>\n<td><strong>Skikurs<br \/>Busfahrt<br \/>Vesper<\/strong>*<\/td>\n<td>95,00 \u20ac<\/td>\n<td>100,00 \u20ac<\/td>\n<td>100,00 \u20ac<\/td>\n<td>105,00 \u20ac<\/td>\n<\/tr>\n<tr>\n<td><strong>Busfahrt<br \/>Vesper<\/strong>*<\/td>\n<td>75,00 \u20ac<\/td>\n<td>75,00 \u20ac<\/td>\n<td>80,00 \u20ac<\/td>\n<td>80,00 \u20ac<\/td>\n<\/tr>\n<tr>\n<td><strong>Skikurs<br \/>Vesper<\/strong>*<\/td>\n<td>35,00 \u20ac<\/td>\n<td>40,00 \u20ac<\/td>\n<td>40,00 \u20ac<\/td>\n<td>45,00 \u20ac<\/td>\n<\/tr>\n<\/tbody>\n<\/table>\n<\/figure>\n<p>\u00a0<\/p>\n<div class=\"wp-block-button aligncenter\"><a class=\"wp-block-button__link has-very-dark-gray-color has-vivid-red-background-color has-text-color has-background wp-element-button\" href=\"https:\/\/www.naturfreunde-schnaitheim.de\/?page_id=137\"><strong>Online-Anmeldung<\/strong><\/a><\/div>\n<p>\u00a0<\/p>\n<div class=\"wp-block-button aligncenter\"><a class=\"wp-block-button__link has-very-dark-gray-color has-vivid-red-background-color has-text-color has-background wp-element-button\" href=\"https:\/\/www.naturfreunde-schnaitheim.de\/wp-content\/uploads\/2025\/10\/anmeldung_2026.pdf\" target=\"_blank\" rel=\"noreferrer noopener\"><strong>Papier-Anmeldung<\/strong><\/a><\/div>\n<p>Bei Teilnahme an nur einem Kurstag halbieren sich die Kosten.<br \/>Dies muss bei der Anmeldung angegeben werden.<br \/><strong>Wir haben bei unseren Fahrten immer Apfelsaftschorle, Spezi, Bier und Piccolos dabei.<\/strong><br \/>Die Liftkartenpreise betragen pro Kurstag f\u00fcr Kinder ca. 25,\u2013 \u20ac f\u00fcr Jugendliche ca. 35,\u2013 \u20ac, f\u00fcr Erwachsene ca. 50,\u2013 \u20ac.<br \/>Diese sind in den oben angegebenen Kosten\u00a0<strong>nicht<\/strong>\u00a0enthalten und werden im Bus kassiert.<br \/><strong>Teilnehmer, die nicht im Bus anreisen, m\u00fcssen sich in Gr\u00e4n bei der Ankunft der Busse bei uns melden.<\/strong><\/p>\n<p>Eine Versicherung erfolgt nach eigenem Ermessen.<\/p>\n<p class=\"has-vivid-red-color has-text-color\"><strong>Bei unseren Ski- und Snowboardkursen besteht Helmpflicht.<\/strong><\/p>\n<p class=\"has-Blue-color has-text-color has-blue-color has-text-color\"><strong>Bei Nichtteilnahme am Skikurs kann keine R\u00fcckerstattung der Kursgeb\u00fchren erfolgen.<\/strong><\/p>\n<p class=\"has-vivid-red-color has-text-color\"><strong>Die Anmeldung ist erst g\u00fcltig, wenn der Teilnehmerbeitrag auf unserem Konto eingegangen ist.<\/strong><\/p>\n<p class=\"has-vivid-red-color has-text-color\"><strong>Zu den Kursen muss ein geeignetes Sportger\u00e4t mitgebracht werden.<br \/>Wir bitten Sie, in Ihrem eigenen Interesse, zu den Kursen in zeitgem\u00e4\u00dfer und funktionsf\u00e4higer Ausr\u00fcstung zu erscheinen.<br \/>Eine \u00dcberpr\u00fcfung Ihrer Skibindung durch ein Sportfachgesch\u00e4ft ist eine sinnvolle Vorsichtsma\u00dfnahme, um Unf\u00e4lle und Verletzungen zu vermeiden.<\/strong><\/p>\n<p>Sollten Sie noch weitere Fragen haben, wenden Sie sich bitte an:<\/p>\n<figure class=\"wp-block-table aligncenter is-style-stripes\">\n<table>\n<tbody>\n<tr>\n<td>\u00a0<\/td>\n<td>Name<\/td>\n<td>Telefon<\/td>\n<\/tr>\n<tr>\n<td>Skifahren<\/td>\n<td>J\u00fcrgen K\u00fcrner<\/td>\n<td>(01 71)9 32 12 06<\/td>\n<\/tr>\n<tr>\n<td>Snowboarding<\/td>\n<td>Alexander M\u00fcller<\/td>\n<td>(01 72)7 91 03 42<\/td>\n<\/tr>\n<\/tbody>\n<\/table>\n<\/figure>\n<p><br \/>Schreiben Sie uns Ihre Meinung und Anregungen\u00a0<a href=\"mailto:info@naturfreunde-schnaitheim.de?subject=Meinung%20und%20Anregungen\">NaturFreunde Schneesportschule Schnaitheim<\/a><\/p>\n<\/div>\n","protected":false},"excerpt":{"rendered":"<p>Ski- und Snowboardkurse im Tannheimer Tal Allgemeine Informationen: f\u00fcr Kinder und Jugendliche ab\u00a06 Jahre\u00a0(Snowboard ab\u00a08 Jahre) und Erwachsene Anf\u00e4nger und [&hellip;]<\/p>\n","protected":false},"author":1,"featured_media":0,"parent":0,"menu_order":0,"comment_status":"closed","ping_status":"closed","template":"","meta":{"site-sidebar-layout":"default","site-content-layout":"","ast-site-content-layout":"default","site-content-style":"default","site-sidebar-style":"default","ast-global-header-display":"","ast-banner-title-visibility":"","ast-main-header-display":"","ast-hfb-above-header-display":"","ast-hfb-below-header-display":"","ast-hfb-mobile-header-display":"","site-post-title":"","ast-breadcrumbs-content":"","ast-featured-img":"","footer-sml-layout":"","ast-disable-related-posts":"","theme-transparent-header-meta":"","adv-header-id-meta":"","stick-header-meta":"","header-above-stick-meta":"","header-main-stick-meta":"","header-below-stick-meta":"","astra-migrate-meta-layouts":"default","ast-page-background-enabled":"default","ast-page-background-meta":{"desktop":{"background-color":"var(--ast-global-color-5)","background-image":"","background-repeat":"repeat","background-position":"center center","background-size":"auto","background-attachment":"scroll","background-type":"","background-media":"","overlay-type":"","overlay-color":"","overlay-opacity":"","overlay-gradient":""},"tablet":{"background-color":"","background-image":"","background-repeat":"repeat","background-position":"center center","background-size":"auto","background-attachment":"scroll","background-type":"","background-media":"","overlay-type":"","overlay-color":"","overlay-opacity":"","overlay-gradient":""},"mobile":{"background-color":"","background-image":"","background-repeat":"repeat","background-position":"center center","background-size":"auto","background-attachment":"scroll","background-type":"","background-media":"","overlay-type":"","overlay-color":"","overlay-opacity":"","overlay-gradient":""}},"ast-content-background-meta":{"desktop":{"background-color":"var(--ast-global-color-4)","background-image":"","background-repeat":"repeat","background-position":"center center","background-size":"auto","background-attachment":"scroll","background-type":"","background-media":"","overlay-type":"","overlay-color":"","overlay-opacity":"","overlay-gradient":""},"tablet":{"background-color":"var(--ast-global-color-4)","background-image":"","background-repeat":"repeat","background-position":"center center","background-size":"auto","background-attachment":"scroll","background-type":"","background-media":"","overlay-type":"","overlay-color":"","overlay-opacity":"","overlay-gradient":""},"mobile":{"background-color":"var(--ast-global-color-4)","background-image":"","background-repeat":"repeat","background-position":"center center","background-size":"auto","background-attachment":"scroll","background-type":"","background-media":"","overlay-type":"","overlay-color":"","overlay-opacity":"","overlay-gradient":""}},"footnotes":""},"class_list":["post-817","page","type-page","status-publish","hentry"],"_links":{"self":[{"href":"https:\/\/albuch-skilift.de\/index.php?rest_route=\/wp\/v2\/pages\/817","targetHints":{"allow":["GET"]}}],"collection":[{"href":"https:\/\/albuch-skilift.de\/index.php?rest_route=\/wp\/v2\/pages"}],"about":[{"href":"https:\/\/albuch-skilift.de\/index.php?rest_route=\/wp\/v2\/types\/page"}],"author":[{"embeddable":true,"href":"https:\/\/albuch-skilift.de\/index.php?rest_route=\/wp\/v2\/users\/1"}],"replies":[{"embeddable":true,"href":"https:\/\/albuch-skilift.de\/index.php?rest_route=%2Fwp%2Fv2%2Fcomments&post=817"}],"version-history":[{"count":1,"href":"https:\/\/albuch-skilift.de\/index.php?rest_route=\/wp\/v2\/pages\/817\/revisions"}],"predecessor-version":[{"id":819,"href":"https:\/\/albuch-skilift.de\/index.php?rest_route=\/wp\/v2\/pages\/817\/revisions\/819"}],"wp:attachment":[{"href":"https:\/\/albuch-skilift.de\/index.php?rest_route=%2Fwp%2Fv2%2Fmedia&parent=817"}],"curies":[{"name":"wp","href":"https:\/\/api.w.org\/{rel}","templated":true}]}}